{"id":133851,"date":"2023-06-12T13:27:57","date_gmt":"2023-06-12T13:27:57","guid":{"rendered":"https:\/\/workspacerecruit.com\/?page_id=133851"},"modified":"2025-11-17T12:47:17","modified_gmt":"2025-11-17T12:47:17","slug":"jobbannonsering","status":"publish","type":"page","link":"https:\/\/workspacerecruit.com\/en\/jobbannonsering\/","title":{"rendered":"JOBBANNONSERING"},"content":{"rendered":"\t\t<div data-elementor-type=\"wp-page\" data-elementor-id=\"133851\" class=\"elementor elementor-133851\" data-elementor-post-type=\"page\">\n\t\t\t\t\t\t<section class=\"has_eae_slider elementor-section elementor-top-section elementor-element elementor-element-1949036 elementor-section-full_width elementor-section-height-default elementor-section-height-default\" data-id=\"1949036\" data-element_type=\"section\" data-settings=\"{&quot;motion_fx_motion_fx_scrolling&quot;:&quot;yes&quot;,&quot;motion_fx_range&quot;:&quot;page&quot;,&quot;sticky&quot;:&quot;top&quot;,&quot;motion_fx_devices&quot;:[&quot;desktop&quot;,&quot;tablet&quot;,&quot;mobile&quot;],&quot;sticky_on&quot;:[&quot;desktop&quot;,&quot;tablet&quot;,&quot;mobile&quot;],&quot;sticky_offset&quot;:0,&quot;sticky_effects_offset&quot;:0}\">\n\t\t\t\t\t\t<div class=\"elementor-container elementor-column-gap-no\">\n\t\t\t\t\t<div class=\"has_eae_slider elementor-column elementor-col-100 elementor-top-column elementor-element elementor-element-38cebda\" data-id=\"38cebda\" data-element_type=\"column\">\n\t\t\t<div class=\"elementor-widget-wrap elementor-element-populated\">\n\t\t\t\t\t\t<div class=\"elementor-element elementor-element-3999baa elementor-align-right elementor-widget elementor-widget-button\" data-id=\"3999baa\" data-element_type=\"widget\" data-widget_type=\"button.default\">\n\t\t\t\t<div class=\"elementor-widget-container\">\n\t\t\t\t\t<div class=\"elementor-button-wrapper\">\n\t\t\t<a class=\"elementor-button elementor-button-link elementor-size-xl elementor-animation-float\" href=\"#elementor-action%3Aaction%3Dpopup%3Aopen%26settings%3DeyJpZCI6IjEzMzQ3NiIsInRvZ2dsZSI6ZmFsc2V9\">\n\t\t\t\t\t\t<span class=\"elementor-button-content-wrapper\">\n\t\t\t\t\t\t\t\t\t<span class=\"elementor-button-text\">Boka demo<\/span>\n\t\t\t\t\t<\/span>\n\t\t\t\t\t<\/a>\n\t\t<\/div>\n\t\t\t\t<\/div>\n\t\t\t\t<\/div>\n\t\t\t\t\t<\/div>\n\t\t<\/div>\n\t\t\t\t\t<\/div>\n\t\t<\/section>\n\t\t\t\t<section class=\"has_eae_slider elementor-section elementor-top-section elementor-element elementor-element-39179d38 elementor-section-height-min-height elementor-section-boxed elementor-section-height-default elementor-section-items-middle\" data-id=\"39179d38\" data-element_type=\"section\" data-settings=\"{&quot;background_background&quot;:&quot;video&quot;,&quot;background_video_link&quot;:&quot;https:\\\/\\\/youtu.be\\\/Ga39HYaG1AQ&quot;,&quot;shape_divider_top&quot;:&quot;waves&quot;,&quot;shape_divider_top_negative&quot;:&quot;yes&quot;,&quot;shape_divider_bottom&quot;:&quot;curve-asymmetrical&quot;,&quot;shape_divider_bottom_negative&quot;:&quot;yes&quot;}\">\n\t\t\t\t\t\t\t\t<div class=\"elementor-background-video-container elementor-hidden-phone\">\n\t\t\t\t\t\t\t\t\t\t\t\t\t<div class=\"elementor-background-video-embed\"><\/div>\n\t\t\t\t\t\t\t\t\t\t\t\t<\/div>\n\t\t\t\t\t\t\t<div class=\"elementor-shape elementor-shape-top\" data-negative=\"true\">\n\t\t\t<svg xmlns=\"http:\/\/www.w3.org\/2000\/svg\" viewBox=\"0 0 1000 100\" preserveAspectRatio=\"none\">\n\t<path class=\"elementor-shape-fill\" d=\"M790.5,93.1c-59.3-5.3-116.8-18-192.6-50c-29.6-12.7-76.9-31-100.5-35.9c-23.6-4.9-52.6-7.8-75.5-5.3\n\tc-10.2,1.1-22.6,1.4-50.1,7.4c-27.2,6.3-58.2,16.6-79.4,24.7c-41.3,15.9-94.9,21.9-134,22.6C72,58.2,0,25.8,0,25.8V100h1000V65.3\n\tc0,0-51.5,19.4-106.2,25.7C839.5,97,814.1,95.2,790.5,93.1z\"\/>\n<\/svg>\t\t<\/div>\n\t\t\t\t<div class=\"elementor-shape elementor-shape-bottom\" data-negative=\"true\">\n\t\t\t<svg xmlns=\"http:\/\/www.w3.org\/2000\/svg\" viewBox=\"0 0 1000 100\" preserveAspectRatio=\"none\">\n\t<path class=\"elementor-shape-fill\" d=\"M615.2,96.7C240.2,97.8,0,18.9,0,0v100h1000V0C1000,19.2,989.8,96,615.2,96.7z\"\/>\n<\/svg>\t\t<\/div>\n\t\t\t\t\t<div class=\"elementor-container elementor-column-gap-narrow\">\n\t\t\t\t\t<div class=\"has_eae_slider elementor-column elementor-col-50 elementor-top-column elementor-element elementor-element-760fe61d\" data-id=\"760fe61d\" data-element_type=\"column\">\n\t\t\t<div class=\"elementor-widget-wrap\">\n\t\t\t\t\t\t\t<\/div>\n\t\t<\/div>\n\t\t\t\t<div class=\"has_eae_slider elementor-column elementor-col-50 elementor-top-column elementor-element elementor-element-e73cb0e\" data-id=\"e73cb0e\" data-element_type=\"column\">\n\t\t\t<div class=\"elementor-widget-wrap elementor-element-populated\">\n\t\t\t\t\t\t<div class=\"elementor-element elementor-element-4fc0aff elementor-widget elementor-widget-heading\" data-id=\"4fc0aff\" data-element_type=\"widget\" data-widget_type=\"heading.default\">\n\t\t\t\t<div class=\"elementor-widget-container\">\n\t\t\t<h3 class=\"elementor-heading-title elementor-size-default\">Jobbannonsering<\/h3>\t\t<\/div>\n\t\t\t\t<\/div>\n\t\t\t\t<div class=\"elementor-element elementor-element-c6afc4a elementor-widget-tablet__width-initial elementor-widget__width-initial elementor-widget elementor-widget-heading\" data-id=\"c6afc4a\" data-element_type=\"widget\" data-widget_type=\"heading.default\">\n\t\t\t\t<div class=\"elementor-widget-container\">\n\t\t\t<h1 class=\"elementor-heading-title elementor-size-default\">Syns du inte finns du inte - Med v\u00e5ra annonseringsl\u00f6sningar syns du d\u00e4r kandidaterna finns\n<\/h1>\t\t<\/div>\n\t\t\t\t<\/div>\n\t\t\t\t<div class=\"elementor-element elementor-element-5f2d29dc elementor-widget-tablet__width-initial elementor-widget elementor-widget-text-editor\" data-id=\"5f2d29dc\" data-element_type=\"widget\" data-widget_type=\"text-editor.default\">\n\t\t\t\t<div class=\"elementor-widget-container\">\n\t\t\t\t\t\t\t<p><span lang=\"SV\">Vi kan annonsering. Ta hj\u00e4lp av v\u00e5ra annonspaket och n\u00e5 ut med din jobbannons, antingen via n\u00e5gra av Sveriges st\u00f6rsta jobbs\u00f6karsidor, social media eller varf\u00f6r inte en kombination av b\u00e5da f\u00f6r att n\u00e5 ut brett.<\/span><\/p><p><span lang=\"SV\">Vi hj\u00e4lper dig n\u00e5 r\u00e4tt m\u00e5lgrupp med r\u00e4tt inneh\u00e5ll s\u00e5 att du f\u00e5r r\u00e4tt kandidat.<\/span><\/p>\t\t\t\t\t\t<\/div>\n\t\t\t\t<\/div>\n\t\t\t\t<div class=\"elementor-element elementor-element-4133fcbe elementor-mobile-align-center elementor-widget elementor-widget-button\" data-id=\"4133fcbe\" data-element_type=\"widget\" data-widget_type=\"button.default\">\n\t\t\t\t<div class=\"elementor-widget-container\">\n\t\t\t\t\t<div class=\"elementor-button-wrapper\">\n\t\t\t<a class=\"elementor-button elementor-button-link elementor-size-sm elementor-animation-float\" href=\"#elementor-action%3Aaction%3Dpopup%3Aopen%26settings%3DeyJpZCI6IjEzMzQ5MCIsInRvZ2dsZSI6ZmFsc2V9\">\n\t\t\t\t\t\t<span class=\"elementor-button-content-wrapper\">\n\t\t\t\t\t\t\t\t\t<span class=\"elementor-button-text\">Kom ig\u00e5ng!<\/span>\n\t\t\t\t\t<\/span>\n\t\t\t\t\t<\/a>\n\t\t<\/div>\n\t\t\t\t<\/div>\n\t\t\t\t<\/div>\n\t\t\t\t\t<\/div>\n\t\t<\/div>\n\t\t\t\t\t<\/div>\n\t\t<\/section>\n\t\t\t\t<section class=\"has_eae_slider elementor-section elementor-top-section elementor-element elementor-element-fd82726 elementor-section-boxed elementor-section-height-default elementor-section-height-default\" data-id=\"fd82726\" data-element_type=\"section\">\n\t\t\t\t\t\t<div class=\"elementor-container elementor-column-gap-default\">\n\t\t\t\t\t<div class=\"has_eae_slider elementor-column elementor-col-100 elementor-top-column elementor-element elementor-element-1527a76\" data-id=\"1527a76\" data-element_type=\"column\">\n\t\t\t<div class=\"elementor-widget-wrap elementor-element-populated\">\n\t\t\t\t\t\t<div class=\"elementor-element elementor-element-7956c632 elementor-widget elementor-widget-heading\" data-id=\"7956c632\" data-element_type=\"widget\" data-widget_type=\"heading.default\">\n\t\t\t\t<div class=\"elementor-widget-container\">\n\t\t\t<h2 class=\"elementor-heading-title elementor-size-default\">N\u00e5 fler potentiella kandidater med smart jobbannonsering<\/h2>\t\t<\/div>\n\t\t\t\t<\/div>\n\t\t\t\t<div class=\"elementor-element elementor-element-5ef08d6a elementor-widget elementor-widget-heading\" data-id=\"5ef08d6a\" data-element_type=\"widget\" data-widget_type=\"heading.default\">\n\t\t\t\t<div class=\"elementor-widget-container\">\n\t\t\t<p class=\"elementor-heading-title elementor-size-default\">1 av 10 anst\u00e4llda s\u00f6ker aktivt nytt jobb, men majoriteten \u00e4r villig att byta arbetsgivare om r\u00e4tt m\u00f6jlighet dyker upp. Detta \u00e4r skillnaden mellan aktiva och passiva kandidater. De aktivt s\u00f6kande kandidaterna n\u00e5s l\u00e4ttast via jobbs\u00f6karsidor, medan passiva kandidater via sociala medier. Oavsett vilken annonseringsl\u00f6sning du v\u00e4ljer \u2013 s\u00e4kra att jobbannonsen har r\u00e4tt design, r\u00e4tt inneh\u00e5ll och syns. <\/p>\t\t<\/div>\n\t\t\t\t<\/div>\n\t\t\t\t\t<\/div>\n\t\t<\/div>\n\t\t\t\t\t<\/div>\n\t\t<\/section>\n\t\t\t\t<section class=\"has_eae_slider elementor-section elementor-top-section elementor-element elementor-element-7896cc0 elementor-section-boxed elementor-section-height-default elementor-section-height-default\" data-id=\"7896cc0\" data-element_type=\"section\" data-settings=\"{&quot;background_background&quot;:&quot;classic&quot;,&quot;shape_divider_top&quot;:&quot;waves&quot;,&quot;shape_divider_bottom&quot;:&quot;curve&quot;,&quot;shape_divider_bottom_negative&quot;:&quot;yes&quot;}\">\n\t\t\t\t\t<div class=\"elementor-shape elementor-shape-top\" data-negative=\"false\">\n\t\t\t<svg xmlns=\"http:\/\/www.w3.org\/2000\/svg\" viewBox=\"0 0 1000 100\" preserveAspectRatio=\"none\">\n\t<path class=\"elementor-shape-fill\" d=\"M421.9,6.5c22.6-2.5,51.5,0.4,75.5,5.3c23.6,4.9,70.9,23.5,100.5,35.7c75.8,32.2,133.7,44.5,192.6,49.7\n\tc23.6,2.1,48.7,3.5,103.4-2.5c54.7-6,106.2-25.6,106.2-25.6V0H0v30.3c0,0,72,32.6,158.4,30.5c39.2-0.7,92.8-6.7,134-22.4\n\tc21.2-8.1,52.2-18.2,79.7-24.2C399.3,7.9,411.6,7.5,421.9,6.5z\"\/>\n<\/svg>\t\t<\/div>\n\t\t\t\t<div class=\"elementor-shape elementor-shape-bottom\" data-negative=\"true\">\n\t\t\t<svg xmlns=\"http:\/\/www.w3.org\/2000\/svg\" viewBox=\"0 0 1000 100\" preserveAspectRatio=\"none\">\n\t<path class=\"elementor-shape-fill\" d=\"M500,97C126.7,96.3,0.8,19.8,0,0v100l1000,0V1C1000,19.4,873.3,97.8,500,97z\"\/>\n<\/svg>\t\t<\/div>\n\t\t\t\t\t<div class=\"elementor-container elementor-column-gap-default\">\n\t\t\t\t\t<div class=\"has_eae_slider elementor-column elementor-col-33 elementor-top-column elementor-element elementor-element-b0e3988\" data-id=\"b0e3988\" data-element_type=\"column\">\n\t\t\t<div class=\"elementor-widget-wrap elementor-element-populated\">\n\t\t\t\t\t\t<div class=\"elementor-element elementor-element-53c31f28 elementor-widget__width-initial elementor-invisible elementor-widget elementor-widget-image\" data-id=\"53c31f28\" data-element_type=\"widget\" data-settings=\"{&quot;motion_fx_motion_fx_mouse&quot;:&quot;yes&quot;,&quot;_animation&quot;:&quot;pulse&quot;}\" data-widget_type=\"image.default\">\n\t\t\t\t<div class=\"elementor-widget-container\">\n\t\t\t\t\t\t\t\t\t\t\t\t\t<img fetchpriority=\"high\" decoding=\"async\" width=\"576\" height=\"1024\" src=\"https:\/\/workspacerecruit.com\/wp-content\/uploads\/2023\/10\/11-576x1024.png\" class=\"attachment-large size-large wp-image-138046\" alt=\"\" srcset=\"https:\/\/workspacerecruit.com\/wp-content\/uploads\/2023\/10\/11-576x1024.png 576w, https:\/\/workspacerecruit.com\/wp-content\/uploads\/2023\/10\/11-169x300.png 169w, https:\/\/workspacerecruit.com\/wp-content\/uploads\/2023\/10\/11-768x1365.png 768w, https:\/\/workspacerecruit.com\/wp-content\/uploads\/2023\/10\/11-864x1536.png 864w, https:\/\/workspacerecruit.com\/wp-content\/uploads\/2023\/10\/11-7x12.png 7w, https:\/\/workspacerecruit.com\/wp-content\/uploads\/2023\/10\/11.png 1080w\" sizes=\"(max-width: 576px) 100vw, 576px\" \/>\t\t\t\t\t\t\t\t\t\t\t\t\t<\/div>\n\t\t\t\t<\/div>\n\t\t\t\t\t<\/div>\n\t\t<\/div>\n\t\t\t\t<div class=\"has_eae_slider elementor-column elementor-col-33 elementor-top-column elementor-element elementor-element-f6a971c\" data-id=\"f6a971c\" data-element_type=\"column\">\n\t\t\t<div class=\"elementor-widget-wrap elementor-element-populated\">\n\t\t\t\t\t\t<div class=\"elementor-element elementor-element-6d83a29 elementor-widget__width-initial elementor-invisible elementor-widget elementor-widget-image\" data-id=\"6d83a29\" data-element_type=\"widget\" data-settings=\"{&quot;motion_fx_motion_fx_mouse&quot;:&quot;yes&quot;,&quot;_animation&quot;:&quot;pulse&quot;}\" data-widget_type=\"image.default\">\n\t\t\t\t<div class=\"elementor-widget-container\">\n\t\t\t\t\t\t\t\t\t\t\t\t\t<img decoding=\"async\" width=\"576\" height=\"1024\" data-src=\"https:\/\/workspacerecruit.com\/wp-content\/uploads\/2023\/10\/13-576x1024.png\" class=\"attachment-large size-large wp-image-138048 lazyload\" alt=\"\" data-srcset=\"https:\/\/workspacerecruit.com\/wp-content\/uploads\/2023\/10\/13-576x1024.png 576w, https:\/\/workspacerecruit.com\/wp-content\/uploads\/2023\/10\/13-169x300.png 169w, https:\/\/workspacerecruit.com\/wp-content\/uploads\/2023\/10\/13-768x1365.png 768w, https:\/\/workspacerecruit.com\/wp-content\/uploads\/2023\/10\/13-864x1536.png 864w, https:\/\/workspacerecruit.com\/wp-content\/uploads\/2023\/10\/13-7x12.png 7w, https:\/\/workspacerecruit.com\/wp-content\/uploads\/2023\/10\/13.png 1080w\" data-sizes=\"(max-width: 576px) 100vw, 576px\" src=\"data:image\/svg+xml;base64,PHN2ZyB3aWR0aD0iMSIgaGVpZ2h0PSIxIiB4bWxucz0iaHR0cDovL3d3dy53My5vcmcvMjAwMC9zdmciPjwvc3ZnPg==\" style=\"--smush-placeholder-width: 576px; --smush-placeholder-aspect-ratio: 576\/1024;\" \/>\t\t\t\t\t\t\t\t\t\t\t\t\t<\/div>\n\t\t\t\t<\/div>\n\t\t\t\t\t<\/div>\n\t\t<\/div>\n\t\t\t\t<div class=\"has_eae_slider elementor-column elementor-col-33 elementor-top-column elementor-element elementor-element-d23b823\" data-id=\"d23b823\" data-element_type=\"column\">\n\t\t\t<div class=\"elementor-widget-wrap elementor-element-populated\">\n\t\t\t\t\t\t<div class=\"elementor-element elementor-element-be55adf elementor-widget__width-initial elementor-invisible elementor-widget elementor-widget-image\" data-id=\"be55adf\" data-element_type=\"widget\" data-settings=\"{&quot;motion_fx_motion_fx_mouse&quot;:&quot;yes&quot;,&quot;_animation&quot;:&quot;pulse&quot;}\" data-widget_type=\"image.default\">\n\t\t\t\t<div class=\"elementor-widget-container\">\n\t\t\t\t\t\t\t\t\t\t\t\t\t<img decoding=\"async\" width=\"576\" height=\"1024\" data-src=\"https:\/\/workspacerecruit.com\/wp-content\/uploads\/2023\/10\/12-576x1024.png\" class=\"attachment-large size-large wp-image-138047 lazyload\" alt=\"\" data-srcset=\"https:\/\/workspacerecruit.com\/wp-content\/uploads\/2023\/10\/12-576x1024.png 576w, https:\/\/workspacerecruit.com\/wp-content\/uploads\/2023\/10\/12-169x300.png 169w, https:\/\/workspacerecruit.com\/wp-content\/uploads\/2023\/10\/12-768x1365.png 768w, https:\/\/workspacerecruit.com\/wp-content\/uploads\/2023\/10\/12-864x1536.png 864w, https:\/\/workspacerecruit.com\/wp-content\/uploads\/2023\/10\/12-7x12.png 7w, https:\/\/workspacerecruit.com\/wp-content\/uploads\/2023\/10\/12.png 1080w\" data-sizes=\"(max-width: 576px) 100vw, 576px\" src=\"data:image\/svg+xml;base64,PHN2ZyB3aWR0aD0iMSIgaGVpZ2h0PSIxIiB4bWxucz0iaHR0cDovL3d3dy53My5vcmcvMjAwMC9zdmciPjwvc3ZnPg==\" style=\"--smush-placeholder-width: 576px; --smush-placeholder-aspect-ratio: 576\/1024;\" \/>\t\t\t\t\t\t\t\t\t\t\t\t\t<\/div>\n\t\t\t\t<\/div>\n\t\t\t\t\t<\/div>\n\t\t<\/div>\n\t\t\t\t\t<\/div>\n\t\t<\/section>\n\t\t\t\t<section class=\"has_eae_slider elementor-section elementor-top-section elementor-element elementor-element-1c9e5420 elementor-section-boxed elementor-section-height-default elementor-section-height-default\" data-id=\"1c9e5420\" data-element_type=\"section\" data-settings=\"{&quot;background_background&quot;:&quot;classic&quot;}\">\n\t\t\t\t\t\t<div class=\"elementor-container elementor-column-gap-no\">\n\t\t\t\t\t<div class=\"has_eae_slider elementor-column elementor-col-100 elementor-top-column elementor-element elementor-element-4c07956b\" data-id=\"4c07956b\" data-element_type=\"column\">\n\t\t\t<div class=\"elementor-widget-wrap elementor-element-populated\">\n\t\t\t\t\t\t<div class=\"elementor-element elementor-element-e396632 elementor-widget elementor-widget-heading\" data-id=\"e396632\" data-element_type=\"widget\" data-widget_type=\"heading.default\">\n\t\t\t\t<div class=\"elementor-widget-container\">\n\t\t\t<h2 class=\"elementor-heading-title elementor-size-default\">Annonsera i Workspace Recruit<\/h2>\t\t<\/div>\n\t\t\t\t<\/div>\n\t\t\t\t<div class=\"elementor-element elementor-element-1156df99 elementor-widget elementor-widget-heading\" data-id=\"1156df99\" data-element_type=\"widget\" data-widget_type=\"heading.default\">\n\t\t\t\t<div class=\"elementor-widget-container\">\n\t\t\t<p class=\"elementor-heading-title elementor-size-default\">Oavsett vilken typ av annonsering du \u00e4r ute efter s\u00e5 kan Workspace Recruit st\u00f6tta dig.<\/p>\t\t<\/div>\n\t\t\t\t<\/div>\n\t\t\t\t<section class=\"has_eae_slider elementor-section elementor-inner-section elementor-element elementor-element-2afe2f5b elementor-section-boxed elementor-section-height-default elementor-section-height-default\" data-id=\"2afe2f5b\" data-element_type=\"section\">\n\t\t\t\t\t\t<div class=\"elementor-container elementor-column-gap-no\">\n\t\t\t\t\t<div class=\"has_eae_slider elementor-column elementor-col-50 elementor-inner-column elementor-element elementor-element-582f9dee\" data-id=\"582f9dee\" data-element_type=\"column\">\n\t\t\t<div class=\"elementor-widget-wrap elementor-element-populated\">\n\t\t\t\t\t\t<div class=\"elementor-element elementor-element-d7ba734 elementor-widget elementor-widget-image\" data-id=\"d7ba734\" data-element_type=\"widget\" data-widget_type=\"image.default\">\n\t\t\t\t<div class=\"elementor-widget-container\">\n\t\t\t\t\t\t\t\t\t\t\t\t\t<img decoding=\"async\" width=\"800\" height=\"800\" data-src=\"https:\/\/workspacerecruit.com\/wp-content\/uploads\/2025\/08\/Square-video-template.jpg\" class=\"attachment-large size-large wp-image-141116 lazyload\" alt=\"\" data-srcset=\"https:\/\/workspacerecruit.com\/wp-content\/uploads\/2025\/08\/Square-video-template.jpg 960w, https:\/\/workspacerecruit.com\/wp-content\/uploads\/2025\/08\/Square-video-template-300x300.jpg 300w, https:\/\/workspacerecruit.com\/wp-content\/uploads\/2025\/08\/Square-video-template-150x150.jpg 150w, https:\/\/workspacerecruit.com\/wp-content\/uploads\/2025\/08\/Square-video-template-768x768.jpg 768w, https:\/\/workspacerecruit.com\/wp-content\/uploads\/2025\/08\/Square-video-template-12x12.jpg 12w\" data-sizes=\"(max-width: 800px) 100vw, 800px\" src=\"data:image\/svg+xml;base64,PHN2ZyB3aWR0aD0iMSIgaGVpZ2h0PSIxIiB4bWxucz0iaHR0cDovL3d3dy53My5vcmcvMjAwMC9zdmciPjwvc3ZnPg==\" style=\"--smush-placeholder-width: 800px; --smush-placeholder-aspect-ratio: 800\/800;\" \/>\t\t\t\t\t\t\t\t\t\t\t\t\t<\/div>\n\t\t\t\t<\/div>\n\t\t\t\t\t<\/div>\n\t\t<\/div>\n\t\t\t\t<div class=\"has_eae_slider elementor-column elementor-col-50 elementor-inner-column elementor-element elementor-element-62e4fb5e\" data-id=\"62e4fb5e\" data-element_type=\"column\">\n\t\t\t<div class=\"elementor-widget-wrap elementor-element-populated\">\n\t\t\t\t\t\t<div class=\"elementor-element elementor-element-659df34a elementor-widget elementor-widget-heading\" data-id=\"659df34a\" data-element_type=\"widget\" data-widget_type=\"heading.default\">\n\t\t\t\t<div class=\"elementor-widget-container\">\n\t\t\t<h3 class=\"elementor-heading-title elementor-size-default\">Jobbs\u00f6karsidor<\/h3>\t\t<\/div>\n\t\t\t\t<\/div>\n\t\t\t\t<div class=\"elementor-element elementor-element-4201dfec elementor-widget elementor-widget-text-editor\" data-id=\"4201dfec\" data-element_type=\"widget\" data-widget_type=\"text-editor.default\">\n\t\t\t\t<div class=\"elementor-widget-container\">\n\t\t\t\t\t\t\t<p>Vi har samlat de st\u00f6rsta jobbs\u00f6karsidorna i ett paket f\u00f6r att g\u00f6ra det enkelt f\u00f6r dig. Med ett knapptryck kommer du ut p\u00e5, de stora jobbs\u00f6karsidorna och nischade jobbs\u00f6karsidor. En l\u00f6sning som passar om du vill komma ut brett med din jobbannons till kandidater som aktivt s\u00f6ker jobb.<\/p>\t\t\t\t\t\t<\/div>\n\t\t\t\t<\/div>\n\t\t\t\t<div class=\"elementor-element elementor-element-867bf6e elementor-widget elementor-widget-text-editor\" data-id=\"867bf6e\" data-element_type=\"widget\" data-widget_type=\"text-editor.default\">\n\t\t\t\t<div class=\"elementor-widget-container\">\n\t\t\t\t\t\t\t<p><strong>12 900 SEK per annonspaket, rabatt vid k\u00f6p av fler.<\/strong><\/p><p><strong>19 900 SEK kombinationspaket (Jobbs\u00f6karsidor + Social media)<\/strong><\/p>\t\t\t\t\t\t<\/div>\n\t\t\t\t<\/div>\n\t\t\t\t\t<\/div>\n\t\t<\/div>\n\t\t\t\t\t<\/div>\n\t\t<\/section>\n\t\t\t\t<section class=\"has_eae_slider elementor-section elementor-inner-section elementor-element elementor-element-b1bebaf elementor-reverse-mobile elementor-section-boxed elementor-section-height-default elementor-section-height-default\" data-id=\"b1bebaf\" data-element_type=\"section\">\n\t\t\t\t\t\t<div class=\"elementor-container elementor-column-gap-no\">\n\t\t\t\t\t<div class=\"has_eae_slider elementor-column elementor-col-50 elementor-inner-column elementor-element elementor-element-b4321c6\" data-id=\"b4321c6\" data-element_type=\"column\">\n\t\t\t<div class=\"elementor-widget-wrap elementor-element-populated\">\n\t\t\t\t\t\t<div class=\"elementor-element elementor-element-05ab50a elementor-widget elementor-widget-heading\" data-id=\"05ab50a\" data-element_type=\"widget\" data-widget_type=\"heading.default\">\n\t\t\t\t<div class=\"elementor-widget-container\">\n\t\t\t<h3 class=\"elementor-heading-title elementor-size-default\">Sociala medier<\/h3>\t\t<\/div>\n\t\t\t\t<\/div>\n\t\t\t\t<div class=\"elementor-element elementor-element-0da9377 elementor-widget elementor-widget-text-editor\" data-id=\"0da9377\" data-element_type=\"widget\" data-widget_type=\"text-editor.default\">\n\t\t\t\t<div class=\"elementor-widget-container\">\n\t\t\t\t\t\t\t<p>Vi m\u00e5lgruppsanpassar din kampanj s\u00e5 att den syns f\u00f6r r\u00e4tt kandidater med r\u00e4tt kompetens i deras nyhetsfl\u00f6den, stories, messenger, annonsplaceringar och ett flertal placeringar p\u00e5 Facebook, Instagram och LinkedIn. En vass annonseringsl\u00f6sning f\u00f6r att n\u00e5 ut med din jobbannons till passiva kandidater- de som inte aktivt s\u00f6ker jobb men som vid r\u00e4tt jobberbjudande \u00e4r villiga att byta arbetsgivare.<\/p>\t\t\t\t\t\t<\/div>\n\t\t\t\t<\/div>\n\t\t\t\t<div class=\"elementor-element elementor-element-5f40433 elementor-widget elementor-widget-text-editor\" data-id=\"5f40433\" data-element_type=\"widget\" data-widget_type=\"text-editor.default\">\n\t\t\t\t<div class=\"elementor-widget-container\">\n\t\t\t\t\t\t\t<p><strong>12 900 SEK per kampanjpaket, rabatt vid k\u00f6p av fler.<\/strong><\/p><p><strong>19 900 SEK kombinationspaket (Jobbs\u00f6karsidor + Social media)<\/strong><\/p>\t\t\t\t\t\t<\/div>\n\t\t\t\t<\/div>\n\t\t\t\t\t<\/div>\n\t\t<\/div>\n\t\t\t\t<div class=\"has_eae_slider elementor-column elementor-col-50 elementor-inner-column elementor-element elementor-element-655d326\" data-id=\"655d326\" data-element_type=\"column\">\n\t\t\t<div class=\"elementor-widget-wrap elementor-element-populated\">\n\t\t\t\t\t\t<div class=\"elementor-element elementor-element-39345e1 elementor-widget elementor-widget-video\" data-id=\"39345e1\" data-element_type=\"widget\" data-settings=\"{&quot;video_type&quot;:&quot;hosted&quot;,&quot;autoplay&quot;:&quot;yes&quot;,&quot;loop&quot;:&quot;yes&quot;,&quot;play_on_mobile&quot;:&quot;yes&quot;}\" data-widget_type=\"video.default\">\n\t\t\t\t<div class=\"elementor-widget-container\">\n\t\t\t\t\t<div class=\"e-hosted-video elementor-wrapper elementor-open-inline\">\n\t\t\t\t\t<video class=\"elementor-video\" src=\"https:\/\/workspacerecruit.com\/wp-content\/uploads\/2023\/06\/Untitled-design-4.mp4\" autoplay=\"\" loop=\"\" playsinline=\"\" controlsList=\"nodownload\"><\/video>\n\t\t\t\t<\/div>\n\t\t\t\t<\/div>\n\t\t\t\t<\/div>\n\t\t\t\t\t<\/div>\n\t\t<\/div>\n\t\t\t\t\t<\/div>\n\t\t<\/section>\n\t\t\t\t\t<\/div>\n\t\t<\/div>\n\t\t\t\t\t<\/div>\n\t\t<\/section>\n\t\t\t\t<\/div>\n\t\t","protected":false},"excerpt":{"rendered":"<p>Boka demo Jobbannonsering Syns du inte finns du inte &#8211; Med v\u00e5ra annonseringsl\u00f6sningar syns du d\u00e4r kandidaterna finns Vi kan annonsering. Ta hj\u00e4lp av v\u00e5ra annonspaket och n\u00e5 ut med din jobbannons, antingen via n\u00e5gra av Sveriges st\u00f6rsta jobbs\u00f6karsidor, social media eller varf\u00f6r inte en kombination av b\u00e5da f\u00f6r att n\u00e5 ut brett. Vi hj\u00e4lper [&hellip;]<\/p>\n","protected":false},"author":2,"featured_media":0,"parent":0,"menu_order":0,"comment_status":"closed","ping_status":"closed","template":"","meta":{"footnotes":""},"class_list":["post-133851","page","type-page","status-publish","hentry"],"_links":{"self":[{"href":"https:\/\/workspacerecruit.com\/en\/wp-json\/wp\/v2\/pages\/133851","targetHints":{"allow":["GET"]}}],"collection":[{"href":"https:\/\/workspacerecruit.com\/en\/wp-json\/wp\/v2\/pages"}],"about":[{"href":"https:\/\/workspacerecruit.com\/en\/wp-json\/wp\/v2\/types\/page"}],"author":[{"embeddable":true,"href":"https:\/\/workspacerecruit.com\/en\/wp-json\/wp\/v2\/users\/2"}],"replies":[{"embeddable":true,"href":"https:\/\/workspacerecruit.com\/en\/wp-json\/wp\/v2\/comments?post=133851"}],"version-history":[{"count":0,"href":"https:\/\/workspacerecruit.com\/en\/wp-json\/wp\/v2\/pages\/133851\/revisions"}],"wp:attachment":[{"href":"https:\/\/workspacerecruit.com\/en\/wp-json\/wp\/v2\/media?parent=133851"}],"curies":[{"name":"wp","href":"https:\/\/api.w.org\/{rel}","templated":true}]}}